{"id":17020,"date":"2025-08-07T11:14:59","date_gmt":"2025-08-07T14:14:59","guid":{"rendered":"https:\/\/www.ibiz.com.br\/?page_id=17020"},"modified":"2025-09-12T12:34:14","modified_gmt":"2025-09-12T15:34:14","slug":"cases","status":"publish","type":"page","link":"https:\/\/www.ibiz.com.br\/es\/cases\/","title":{"rendered":"Cases"},"content":{"rendered":"\t\t<div data-elementor-type=\"wp-page\" data-elementor-id=\"17020\" class=\"elementor elementor-17020 elementor-16879\" data-elementor-settings=\"{&quot;ha_cmc_init_switcher&quot;:&quot;no&quot;}\">\n\t\t\t\t<div class=\"elementor-element elementor-element-c70c3dd e-con-full e-flex e-con e-parent\" data-id=\"c70c3dd\" data-element_type=\"container\" data-settings=\"{&quot;_ha_eqh_enable&quot;:false}\">\n\t\t\t\t<div class=\"elementor-element elementor-element-d104be4 elementor-widget elementor-widget-shortcode\" data-id=\"d104be4\" data-element_type=\"widget\" data-widget_type=\"shortcode.default\">\n\t\t\t\t<div class=\"elementor-widget-container\">\n\t\t\t\t\t    <div class=\"breadcrumb\">\n        <ul>\n            <li><a href=\"https:\/\/www.ibiz.com.br\/es\/\">Home<\/a><\/li>\n                        <li>Cases<\/li>\n        <\/ul>\n    <\/div>\n\n\n\t\t<div class=\"elementor-shortcode\"><\/div>\n\t\t\t\t\t\t<\/div>\n\t\t\t\t<\/div>\n\t\t<div class=\"elementor-element elementor-element-cec9a2d e-flex e-con-boxed e-con e-child\" data-id=\"cec9a2d\" data-element_type=\"container\" data-settings=\"{&quot;background_background&quot;:&quot;classic&quot;,&quot;_ha_eqh_enable&quot;:false}\">\n\t\t\t\t\t<div class=\"e-con-inner\">\n\t\t\t\t<div class=\"elementor-element elementor-element-077664f elementor-widget elementor-widget-image\" data-id=\"077664f\" data-element_type=\"widget\" data-widget_type=\"image.default\">\n\t\t\t\t<div class=\"elementor-widget-container\">\n\t\t\t\t\t\t\t\t\t\t\t\t\t\t\t<img decoding=\"async\" width=\"64\" height=\"18\" src=\"https:\/\/www.ibiz.com.br\/wp-content\/uploads\/2025\/02\/bolinhas-titulo-2-1.svg\" class=\"attachment-large size-large wp-image-16427\" alt=\"\" loading=\"lazy\" \/>\t\t\t\t\t\t\t\t\t\t\t\t\t\t\t<\/div>\n\t\t\t\t<\/div>\n\t\t\t\t<div class=\"elementor-element elementor-element-3b0dcce color-gradiente-azul elementor-widget elementor-widget-heading\" data-id=\"3b0dcce\" data-element_type=\"widget\" data-widget_type=\"heading.default\">\n\t\t\t\t<div class=\"elementor-widget-container\">\n\t\t\t\t\t<h1 class=\"elementor-heading-title elementor-size-default\">Casos de \u00c9xito<\/h1>\t\t\t\t<\/div>\n\t\t\t\t<\/div>\n\t\t\t\t\t<\/div>\n\t\t\t\t<\/div>\n\t\t\t\t<\/div>\n\t\t<div class=\"elementor-element elementor-element-8e6091e e-flex e-con-boxed e-con e-parent\" data-id=\"8e6091e\" data-element_type=\"container\" data-settings=\"{&quot;_ha_eqh_enable&quot;:false}\">\n\t\t\t\t\t<div class=\"e-con-inner\">\n\t\t\t\t<div class=\"elementor-element elementor-element-329e67d elementor-widget elementor-widget-shortcode\" data-id=\"329e67d\" data-element_type=\"widget\" data-widget_type=\"shortcode.default\">\n\t\t\t\t<div class=\"elementor-widget-container\">\n\t\t\t\t\t\t\t<div class=\"elementor-shortcode\"><div class=\"container cases\"><div class=\"rowcase-title\"><h2 class=\"case-category-title\">Captura y operaci\u00f3n<\/h2><\/div><div class=\"row\"><div class=\"col-md-6\" title=\"<strong>JC#01<\/strong> | C\u00f3mo una <strong>farmac\u00e9utica global ampli\u00f3 participaci\u00f3n y eficiencia en licitaciones p\u00fablicas<\/strong> con IBIZ\"><div class=\"item\"><div class=\"content\"><h2>Jornada de Crecimiento #01<\/h2><h3><strong>JC#01<\/strong> | C\u00f3mo una <strong>farmac\u00e9utica global ampli\u00f3 participaci\u00f3n y eficiencia en licitaciones p\u00fablicas<\/strong> con IBIZ<\/h3><a href=\"https:\/\/www.ibiz.com.br\/es\/cases\/como-una-farmaceutica-global-amplio-participacion-y-eficiencia-en-licitaciones-publicas-con-ibiz\/\" class=\"ler-mais\" title=\"<strong>JC#01<\/strong> | C\u00f3mo una <strong>farmac\u00e9utica global ampli\u00f3 participaci\u00f3n y eficiencia en licitaciones p\u00fablicas<\/strong> con IBIZ\"><div><span>Descarga nuestro caso<\/span><img decoding=\"async\" src=\"\/wp-content\/uploads\/2024\/02\/Arrow.svg\" loading=\"lazy\" \/><\/div><\/a><\/div><a href=\"https:\/\/www.ibiz.com.br\/es\/cases\/como-una-farmaceutica-global-amplio-participacion-y-eficiencia-en-licitaciones-publicas-con-ibiz\/\"><img fetchpriority=\"high\" decoding=\"async\" width=\"240\" height=\"210\" src=\"https:\/\/www.ibiz.com.br\/wp-content\/uploads\/2025\/09\/img-capa-jornada-2.webp\" class=\"img-fluid wp-post-image\" alt=\"\" \/><\/a><\/div><\/div><\/div><div class=\"rowcase-title\"><h2 class=\"case-category-title\">Gesti\u00f3n Operativa y Estrat\u00e9gica (TRP)<\/h2><\/div><div class=\"row\"><div class=\"col-md-6\" title=\"C\u00f3mo <strong>PTC<\/strong> Gan\u00f3 Predictibilidad y Eficiencia en Licitaciones con <strong>Essenciz TRP<\/strong>\"><div class=\"item\"><div class=\"content\"><h2>PTC<\/h2><h3>C\u00f3mo <strong>PTC<\/strong> Gan\u00f3 Predictibilidad y Eficiencia en Licitaciones con <strong>Essenciz TRP<\/strong><\/h3><a href=\"https:\/\/www.ibiz.com.br\/es\/cases\/como-ptc-gano-predictibilidad-y-eficiencia-en-licitaciones-con-essenciz-trp\/\" class=\"ler-mais\" title=\"C\u00f3mo <strong>PTC<\/strong> Gan\u00f3 Predictibilidad y Eficiencia en Licitaciones con <strong>Essenciz TRP<\/strong>\"><div><span>Descarga nuestro caso<\/span><img decoding=\"async\" src=\"\/wp-content\/uploads\/2024\/02\/Arrow.svg\" loading=\"lazy\" \/><\/div><\/a><\/div><a href=\"https:\/\/www.ibiz.com.br\/es\/cases\/como-ptc-gano-predictibilidad-y-eficiencia-en-licitaciones-con-essenciz-trp\/\"><img decoding=\"async\" width=\"240\" height=\"210\" src=\"https:\/\/www.ibiz.com.br\/wp-content\/uploads\/2025\/08\/img-ptc-capa.webp\" class=\"img-fluid wp-post-image\" alt=\"\" loading=\"lazy\" \/><\/a><\/div><\/div><div class=\"col-md-6\" title=\"C\u00f3mo <strong>Medtronic <\/strong>Transform\u00f3 su Gesti\u00f3n de Licitaciones con<strong> Essenciz TRP<\/strong>\"><div class=\"item\"><div class=\"content\"><h2>Medtronic<\/h2><h3>C\u00f3mo <strong>Medtronic <\/strong>Transform\u00f3 su Gesti\u00f3n de Licitaciones con<strong> Essenciz TRP<\/strong><\/h3><a href=\"https:\/\/www.ibiz.com.br\/es\/cases\/conoce-como-medtronic-revoluciono-su-gestion-de-ofertas-a-traves-de-la-plataforma-trp-de-essenciz\/\" class=\"ler-mais\" title=\"C\u00f3mo <strong>Medtronic <\/strong>Transform\u00f3 su Gesti\u00f3n de Licitaciones con<strong> Essenciz TRP<\/strong>\"><div><span>Descarga nuestro caso<\/span><img decoding=\"async\" src=\"\/wp-content\/uploads\/2024\/02\/Arrow.svg\" loading=\"lazy\" \/><\/div><\/a><\/div><a href=\"https:\/\/www.ibiz.com.br\/es\/cases\/conoce-como-medtronic-revoluciono-su-gestion-de-ofertas-a-traves-de-la-plataforma-trp-de-essenciz\/\"><img loading=\"lazy\" decoding=\"async\" width=\"240\" height=\"210\" src=\"https:\/\/www.ibiz.com.br\/wp-content\/uploads\/2024\/03\/capa-destacada.webp\" class=\"img-fluid wp-post-image\" alt=\"\" \/><\/a><\/div><\/div><\/div><div class=\"rowcase-title\"><h2 class=\"case-category-title\">Inteligencia de Mercado \/ Proyectos Especiales<\/h2><\/div><div class=\"row\"><div class=\"col-md-6\" title=\"C\u00f3mo <strong>Danone<\/strong> Triplic\u00f3 su Cuota de Mercado con la <strong>Inteligencia de Mercado de IBIZ<\/strong>\"><div class=\"item\"><div class=\"content\"><h2>Danone<\/h2><h3>C\u00f3mo <strong>Danone<\/strong> Triplic\u00f3 su Cuota de Mercado con la <strong>Inteligencia de Mercado de IBIZ<\/strong><\/h3><a href=\"https:\/\/www.ibiz.com.br\/es\/cases\/como-danone-triplico-su-cuota-de-mercado-con-la-inteligencia-de-mercado-de-ibiz\/\" class=\"ler-mais\" title=\"C\u00f3mo <strong>Danone<\/strong> Triplic\u00f3 su Cuota de Mercado con la <strong>Inteligencia de Mercado de IBIZ<\/strong>\"><div><span>Descarga nuestro caso<\/span><img decoding=\"async\" src=\"\/wp-content\/uploads\/2024\/02\/Arrow.svg\" loading=\"lazy\" \/><\/div><\/a><\/div><a href=\"https:\/\/www.ibiz.com.br\/es\/cases\/como-danone-triplico-su-cuota-de-mercado-con-la-inteligencia-de-mercado-de-ibiz\/\"><img loading=\"lazy\" decoding=\"async\" width=\"240\" height=\"210\" src=\"https:\/\/www.ibiz.com.br\/wp-content\/uploads\/2025\/08\/img-danone-capa-2.webp\" class=\"img-fluid wp-post-image\" alt=\"\" \/><\/a><\/div><\/div><div class=\"col-md-6\" title=\"C\u00f3mo <strong>Roche<\/strong> Reestructur\u00f3 su Estrategia P\u00fablica con <strong>Inteligencia de Mercado<\/strong> y el <strong>M\u00f3dulo de Captura &amp; Operaci\u00f3n<\/strong>\"><div class=\"item\"><div class=\"content\"><h2>Roche<\/h2><h3>C\u00f3mo <strong>Roche<\/strong> Reestructur\u00f3 su Estrategia P\u00fablica con <strong>Inteligencia de Mercado<\/strong> y el <strong>M\u00f3dulo de Captura &amp; Operaci\u00f3n<\/strong><\/h3><a href=\"https:\/\/www.ibiz.com.br\/es\/cases\/roche-inteligencia-licitaciones-ibiz\/\" class=\"ler-mais\" title=\"C\u00f3mo <strong>Roche<\/strong> Reestructur\u00f3 su Estrategia P\u00fablica con <strong>Inteligencia de Mercado<\/strong> y el <strong>M\u00f3dulo de Captura &amp; Operaci\u00f3n<\/strong>\"><div><span>Descarga nuestro caso<\/span><img decoding=\"async\" src=\"\/wp-content\/uploads\/2024\/02\/Arrow.svg\" loading=\"lazy\" \/><\/div><\/a><\/div><a href=\"https:\/\/www.ibiz.com.br\/es\/cases\/roche-inteligencia-licitaciones-ibiz\/\"><img loading=\"lazy\" decoding=\"async\" width=\"240\" height=\"210\" src=\"https:\/\/www.ibiz.com.br\/wp-content\/uploads\/2025\/07\/img-roche-capa-1.webp\" class=\"img-fluid wp-post-image\" alt=\"\" \/><\/a><\/div><\/div><\/div><\/div><\/div>\n\t\t\t\t\t\t<\/div>\n\t\t\t\t<\/div>\n\t\t\t\t\t<\/div>\n\t\t\t\t<\/div>\n\t\t<div class=\"elementor-element elementor-element-210559d e-con-full e-flex e-con e-parent\" data-id=\"210559d\" data-element_type=\"container\" data-settings=\"{&quot;_ha_eqh_enable&quot;:false}\">\n\t\t\t\t<div class=\"elementor-element elementor-element-fa99f5f elementor-widget elementor-widget-shortcode\" data-id=\"fa99f5f\" data-element_type=\"widget\" data-widget_type=\"shortcode.default\">\n\t\t\t\t<div class=\"elementor-widget-container\">\n\t\t\t\t\t\n    <div class=\"container-fluid container-fluid-news\">\n        <div class=\"container container-news\" id=\"newsletter\">\n            <div class=\"row\">\n                <div class=\"col-sm-12 col-lg-3\"><img decoding=\"async\" src=\"\/wp-content\/uploads\/2024\/02\/Pose-MAO-trim-1.png\" alt=\"Zibi\" loading=\"lazy\" \/><\/div>\n                <div class=\"col-sm-12 col-lg-3 d-flex align-items-center\">\n                    <h2>Suscr\u00edbete a nuestro bolet\u00edn<\/h2>\n                    <h3>\u00a1Y mantente al tanto de las novedades!<\/h3>\n                <\/div>\n                <div class=\"col-sm-12 col-lg-6 d-flex align-items-center\">\n                    <div role=\"main\" id=\"newsletter-espaco-essencial-es-bb1645806cb810375438\"><\/div>\n                    <script type=\"text\/javascript\" src=\"https:\/\/d335luupugsy2.cloudfront.net\/js\/rdstation-forms\/stable\/rdstation-forms.min.js\"><\/script>\n                    <script type=\"text\/javascript\">\n                        new RDStationForms('newsletter-espaco-essencial-es-bb1645806cb810375438', 'UA-7795644-1').createForm();\n                    <\/script>\n                <\/div>\n            <\/div>\n        <\/div>\n    <\/div>\n    <div class=\"container container-iniciativas-news\">\n        <div class=\"row\">\n            <div class=\"col-sm-12 col-lg-3\"><\/div>\n            <div class=\"col-sm-12 col-lg-6 d-flex align-items-center\">\n                <p><a href=\"\/es\/universo\/#nossas-iniciativas\">\u00a1Haz clic aqu\u00ed<\/a> y descubre nuestras iniciativas!<\/p>\n            <\/div>\n            <div class=\"col-sm-12 col-lg-3\"><\/div>\n        <\/div>\n    <\/div>\n\n\t\t<div class=\"elementor-shortcode\"><\/div>\n\t\t\t\t\t\t<\/div>\n\t\t\t\t<\/div>\n\t\t\t\t<\/div>\n\t\t\t\t<\/div>\n\t\t","protected":false},"excerpt":{"rendered":"<p>Casos de \u00c9xito<\/p>\n","protected":false},"author":9,"featured_media":0,"parent":0,"menu_order":0,"comment_status":"closed","ping_status":"closed","template":"","meta":{"_acf_changed":false,"footnotes":""},"class_list":["post-17020","page","type-page","status-publish","hentry"],"acf":[],"yoast_head":"<!-- This site is optimized with the Yoast SEO plugin v27.1.1 - https:\/\/yoast.com\/product\/yoast-seo-wordpress\/ -->\n<title>Cases - Ibiz Tecnologia<\/title>\n<meta name=\"robots\" content=\"index, follow, max-snippet:-1, max-image-preview:large, max-video-preview:-1\" \/>\n<link rel=\"canonical\" href=\"https:\/\/www.ibiz.com.br\/es\/cases\/\" \/>\n<meta property=\"og:locale\" content=\"es_ES\" \/>\n<meta property=\"og:type\" content=\"article\" \/>\n<meta property=\"og:title\" content=\"Cases - Ibiz Tecnologia\" \/>\n<meta property=\"og:description\" content=\"Casos de \u00c9xito\" \/>\n<meta property=\"og:url\" content=\"https:\/\/www.ibiz.com.br\/es\/cases\/\" \/>\n<meta property=\"og:site_name\" content=\"Ibiz Tecnologia\" \/>\n<meta property=\"article:modified_time\" content=\"2025-09-12T15:34:14+00:00\" \/>\n<meta property=\"og:image\" content=\"https:\/\/www.ibiz.com.br\/wp-content\/uploads\/2025\/02\/bolinhas-titulo-2-1.svg\" \/>\n<meta name=\"twitter:card\" content=\"summary_large_image\" \/>\n<meta name=\"twitter:label1\" content=\"Tiempo de lectura\" \/>\n\t<meta name=\"twitter:data1\" content=\"1 minuto\" \/>\n<script type=\"application\/ld+json\" class=\"yoast-schema-graph\">{\"@context\":\"https:\/\/schema.org\",\"@graph\":[{\"@type\":\"WebPage\",\"@id\":\"https:\/\/www.ibiz.com.br\/es\/cases\/\",\"url\":\"https:\/\/www.ibiz.com.br\/es\/cases\/\",\"name\":\"Cases - Ibiz Tecnologia\",\"isPartOf\":{\"@id\":\"https:\/\/www.ibiz.com.br\/es\/#website\"},\"primaryImageOfPage\":{\"@id\":\"https:\/\/www.ibiz.com.br\/es\/cases\/#primaryimage\"},\"image\":{\"@id\":\"https:\/\/www.ibiz.com.br\/es\/cases\/#primaryimage\"},\"thumbnailUrl\":\"https:\/\/www.ibiz.com.br\/wp-content\/uploads\/2025\/02\/bolinhas-titulo-2-1.svg\",\"datePublished\":\"2025-08-07T14:14:59+00:00\",\"dateModified\":\"2025-09-12T15:34:14+00:00\",\"breadcrumb\":{\"@id\":\"https:\/\/www.ibiz.com.br\/es\/cases\/#breadcrumb\"},\"inLanguage\":\"es\",\"potentialAction\":[{\"@type\":\"ReadAction\",\"target\":[\"https:\/\/www.ibiz.com.br\/es\/cases\/\"]}]},{\"@type\":\"ImageObject\",\"inLanguage\":\"es\",\"@id\":\"https:\/\/www.ibiz.com.br\/es\/cases\/#primaryimage\",\"url\":\"https:\/\/www.ibiz.com.br\/wp-content\/uploads\/2025\/02\/bolinhas-titulo-2-1.svg\",\"contentUrl\":\"https:\/\/www.ibiz.com.br\/wp-content\/uploads\/2025\/02\/bolinhas-titulo-2-1.svg\"},{\"@type\":\"BreadcrumbList\",\"@id\":\"https:\/\/www.ibiz.com.br\/es\/cases\/#breadcrumb\",\"itemListElement\":[{\"@type\":\"ListItem\",\"position\":1,\"name\":\"In\u00edcio\",\"item\":\"https:\/\/www.ibiz.com.br\/es\/\"},{\"@type\":\"ListItem\",\"position\":2,\"name\":\"Cases\"}]},{\"@type\":\"WebSite\",\"@id\":\"https:\/\/www.ibiz.com.br\/es\/#website\",\"url\":\"https:\/\/www.ibiz.com.br\/es\/\",\"name\":\"Ibiz Tecnologia\",\"description\":\"\",\"potentialAction\":[{\"@type\":\"SearchAction\",\"target\":{\"@type\":\"EntryPoint\",\"urlTemplate\":\"https:\/\/www.ibiz.com.br\/es\/?s={search_term_string}\"},\"query-input\":{\"@type\":\"PropertyValueSpecification\",\"valueRequired\":true,\"valueName\":\"search_term_string\"}}],\"inLanguage\":\"es\"}]}<\/script>\n<!-- \/ Yoast SEO plugin. -->","yoast_head_json":{"title":"Cases - Ibiz Tecnologia","robots":{"index":"index","follow":"follow","max-snippet":"max-snippet:-1","max-image-preview":"max-image-preview:large","max-video-preview":"max-video-preview:-1"},"canonical":"https:\/\/www.ibiz.com.br\/es\/cases\/","og_locale":"es_ES","og_type":"article","og_title":"Cases - Ibiz Tecnologia","og_description":"Casos de \u00c9xito","og_url":"https:\/\/www.ibiz.com.br\/es\/cases\/","og_site_name":"Ibiz Tecnologia","article_modified_time":"2025-09-12T15:34:14+00:00","og_image":[{"url":"https:\/\/www.ibiz.com.br\/wp-content\/uploads\/2025\/02\/bolinhas-titulo-2-1.svg","type":"","width":"","height":""}],"twitter_card":"summary_large_image","twitter_misc":{"Tiempo de lectura":"1 minuto"},"schema":{"@context":"https:\/\/schema.org","@graph":[{"@type":"WebPage","@id":"https:\/\/www.ibiz.com.br\/es\/cases\/","url":"https:\/\/www.ibiz.com.br\/es\/cases\/","name":"Cases - Ibiz Tecnologia","isPartOf":{"@id":"https:\/\/www.ibiz.com.br\/es\/#website"},"primaryImageOfPage":{"@id":"https:\/\/www.ibiz.com.br\/es\/cases\/#primaryimage"},"image":{"@id":"https:\/\/www.ibiz.com.br\/es\/cases\/#primaryimage"},"thumbnailUrl":"https:\/\/www.ibiz.com.br\/wp-content\/uploads\/2025\/02\/bolinhas-titulo-2-1.svg","datePublished":"2025-08-07T14:14:59+00:00","dateModified":"2025-09-12T15:34:14+00:00","breadcrumb":{"@id":"https:\/\/www.ibiz.com.br\/es\/cases\/#breadcrumb"},"inLanguage":"es","potentialAction":[{"@type":"ReadAction","target":["https:\/\/www.ibiz.com.br\/es\/cases\/"]}]},{"@type":"ImageObject","inLanguage":"es","@id":"https:\/\/www.ibiz.com.br\/es\/cases\/#primaryimage","url":"https:\/\/www.ibiz.com.br\/wp-content\/uploads\/2025\/02\/bolinhas-titulo-2-1.svg","contentUrl":"https:\/\/www.ibiz.com.br\/wp-content\/uploads\/2025\/02\/bolinhas-titulo-2-1.svg"},{"@type":"BreadcrumbList","@id":"https:\/\/www.ibiz.com.br\/es\/cases\/#breadcrumb","itemListElement":[{"@type":"ListItem","position":1,"name":"In\u00edcio","item":"https:\/\/www.ibiz.com.br\/es\/"},{"@type":"ListItem","position":2,"name":"Cases"}]},{"@type":"WebSite","@id":"https:\/\/www.ibiz.com.br\/es\/#website","url":"https:\/\/www.ibiz.com.br\/es\/","name":"Ibiz Tecnologia","description":"","potentialAction":[{"@type":"SearchAction","target":{"@type":"EntryPoint","urlTemplate":"https:\/\/www.ibiz.com.br\/es\/?s={search_term_string}"},"query-input":{"@type":"PropertyValueSpecification","valueRequired":true,"valueName":"search_term_string"}}],"inLanguage":"es"}]}},"_links":{"self":[{"href":"https:\/\/www.ibiz.com.br\/es\/wp-json\/wp\/v2\/pages\/17020","targetHints":{"allow":["GET"]}}],"collection":[{"href":"https:\/\/www.ibiz.com.br\/es\/wp-json\/wp\/v2\/pages"}],"about":[{"href":"https:\/\/www.ibiz.com.br\/es\/wp-json\/wp\/v2\/types\/page"}],"author":[{"embeddable":true,"href":"https:\/\/www.ibiz.com.br\/es\/wp-json\/wp\/v2\/users\/9"}],"replies":[{"embeddable":true,"href":"https:\/\/www.ibiz.com.br\/es\/wp-json\/wp\/v2\/comments?post=17020"}],"version-history":[{"count":32,"href":"https:\/\/www.ibiz.com.br\/es\/wp-json\/wp\/v2\/pages\/17020\/revisions"}],"predecessor-version":[{"id":17153,"href":"https:\/\/www.ibiz.com.br\/es\/wp-json\/wp\/v2\/pages\/17020\/revisions\/17153"}],"wp:attachment":[{"href":"https:\/\/www.ibiz.com.br\/es\/wp-json\/wp\/v2\/media?parent=17020"}],"curies":[{"name":"wp","href":"https:\/\/api.w.org\/{rel}","templated":true}]}}