{"id":15739,"date":"2024-02-22T22:40:27","date_gmt":"2024-02-23T01:40:27","guid":{"rendered":"https:\/\/www.ibiz.com.br\/plataforma-essenciz\/mas-datos\/"},"modified":"2025-01-31T16:58:04","modified_gmt":"2025-01-31T19:58:04","slug":"mas-datos","status":"publish","type":"page","link":"https:\/\/www.ibiz.com.br\/es\/plataforma-essenciz\/mas-datos\/","title":{"rendered":"M\u00e1s datos"},"content":{"rendered":"\t\t<div data-elementor-type=\"wp-page\" data-elementor-id=\"15739\" class=\"elementor elementor-15739 elementor-1228\" data-elementor-settings=\"{&quot;ha_cmc_init_switcher&quot;:&quot;no&quot;}\">\n\t\t\t\t<div class=\"elementor-element elementor-element-13aee9d e-con-full e-flex e-con e-parent\" data-id=\"13aee9d\" data-element_type=\"container\" data-settings=\"{&quot;_ha_eqh_enable&quot;:false}\">\n\t\t\t\t<div class=\"elementor-element elementor-element-2a3444f elementor-widget elementor-widget-shortcode\" data-id=\"2a3444f\" data-element_type=\"widget\" data-widget_type=\"shortcode.default\">\n\t\t\t\t<div class=\"elementor-widget-container\">\n\t\t\t\t\t    <div class=\"breadcrumb\">\n        <ul>\n            <li><a href=\"https:\/\/www.ibiz.com.br\/es\/\">Home<\/a><\/li>\n            <li><a href=\"https:\/\/www.ibiz.com.br\/es\/plataforma-essenciz\/\">Plataforma Essenciz<\/a><\/li>            <li>M\u00e1s datos<\/li>\n        <\/ul>\n    <\/div>\n\n\n\t\t<div class=\"elementor-shortcode\"><\/div>\n\t\t\t\t\t\t<\/div>\n\t\t\t\t<\/div>\n\t\t\t\t<\/div>\n\t\t<div class=\"elementor-element elementor-element-6d88ad53 e-grid e-con-full header-plataforma e-con e-parent\" data-id=\"6d88ad53\" data-element_type=\"container\" data-settings=\"{&quot;_ha_eqh_enable&quot;:false}\">\n\t\t\t\t<div class=\"elementor-element elementor-element-23fbb4ac image-left elementor-hidden-tablet elementor-hidden-mobile elementor-widget elementor-widget-image\" data-id=\"23fbb4ac\" data-element_type=\"widget\" data-widget_type=\"image.default\">\n\t\t\t\t<div class=\"elementor-widget-container\">\n\t\t\t\t\t\t\t\t\t\t\t\t\t\t\t<img fetchpriority=\"high\" decoding=\"async\" width=\"256\" height=\"625\" src=\"https:\/\/www.ibiz.com.br\/wp-content\/uploads\/2024\/03\/banner-como-funciona-2-1.jpg\" class=\"attachment-full size-full wp-image-11857\" alt=\"\" srcset=\"https:\/\/www.ibiz.com.br\/wp-content\/uploads\/2024\/03\/banner-como-funciona-2-1.jpg 256w, https:\/\/www.ibiz.com.br\/wp-content\/uploads\/2024\/03\/banner-como-funciona-2-1-123x300.jpg 123w\" sizes=\"(max-width: 256px) 100vw, 256px\" \/>\t\t\t\t\t\t\t\t\t\t\t\t\t\t\t<\/div>\n\t\t\t\t<\/div>\n\t\t\t\t<div class=\"elementor-element elementor-element-4e2f0278 image-right elementor-widget elementor-widget-image\" data-id=\"4e2f0278\" data-element_type=\"widget\" data-widget_type=\"image.default\">\n\t\t\t\t<div class=\"elementor-widget-container\">\n\t\t\t\t\t\t\t\t\t\t\t\t\t\t\t<img decoding=\"async\" width=\"944\" height=\"625\" src=\"https:\/\/www.ibiz.com.br\/wp-content\/uploads\/2024\/03\/banner-licitacao-1.jpg\" class=\"attachment-full size-full wp-image-11470\" alt=\"\" srcset=\"https:\/\/www.ibiz.com.br\/wp-content\/uploads\/2024\/03\/banner-licitacao-1.jpg 944w, https:\/\/www.ibiz.com.br\/wp-content\/uploads\/2024\/03\/banner-licitacao-1-300x199.jpg 300w, https:\/\/www.ibiz.com.br\/wp-content\/uploads\/2024\/03\/banner-licitacao-1-768x508.jpg 768w\" sizes=\"(max-width: 944px) 100vw, 944px\" loading=\"lazy\" \/>\t\t\t\t\t\t\t\t\t\t\t\t\t\t\t<\/div>\n\t\t\t\t<\/div>\n\t\t<div class=\"elementor-element elementor-element-c3353b container-text e-flex e-con-boxed e-con e-child\" data-id=\"c3353b\" data-element_type=\"container\" data-settings=\"{&quot;_ha_eqh_enable&quot;:false}\">\n\t\t\t\t\t<div class=\"e-con-inner\">\n\t\t<div class=\"elementor-element elementor-element-644ace4d e-flex e-con-boxed e-con e-child\" data-id=\"644ace4d\" data-element_type=\"container\" data-settings=\"{&quot;_ha_eqh_enable&quot;:false}\">\n\t\t\t\t\t<div class=\"e-con-inner\">\n\t\t\t\t<div class=\"elementor-element elementor-element-9f293db elementor-widget elementor-widget-image\" data-id=\"9f293db\" data-element_type=\"widget\" data-widget_type=\"image.default\">\n\t\t\t\t<div class=\"elementor-widget-container\">\n\t\t\t\t\t\t\t\t\t\t\t\t\t\t\t<img decoding=\"async\" width=\"64\" height=\"18\" src=\"https:\/\/www.ibiz.com.br\/wp-content\/uploads\/2024\/02\/bolinhas-titulo-1.png\" class=\"attachment-large size-large wp-image-1238\" alt=\"\" loading=\"lazy\" \/>\t\t\t\t\t\t\t\t\t\t\t\t\t\t\t<\/div>\n\t\t\t\t<\/div>\n\t\t\t\t<div class=\"elementor-element elementor-element-6766328 elementor-widget__width-initial font-gradient-roxo elementor-widget elementor-widget-heading\" data-id=\"6766328\" data-element_type=\"widget\" data-widget_type=\"heading.default\">\n\t\t\t\t<div class=\"elementor-widget-container\">\n\t\t\t\t\t<h1 class=\"elementor-heading-title elementor-size-default\">M\u00e1s Datos<\/h1>\t\t\t\t<\/div>\n\t\t\t\t<\/div>\n\t\t\t\t<div class=\"elementor-element elementor-element-b96d4cc elementor-widget__width-initial elementor-widget elementor-widget-text-editor\" data-id=\"b96d4cc\" data-element_type=\"widget\" data-widget_type=\"text-editor.default\">\n\t\t\t\t<div class=\"elementor-widget-container\">\n\t\t\t\t\t\t\t\t\t<p>Adecuado para empresas que necesitan monitorear informaci\u00f3n espec\u00edfica, <strong>adem\u00e1s de oportunidades (AO) y resultados (AR).<\/strong><\/p>\n\t\t\t\t\t\t\t\t<\/div>\n\t\t\t\t<\/div>\n\t\t\t\t<div class=\"elementor-element elementor-element-497f6406 elementor-widget elementor-widget-image\" data-id=\"497f6406\" data-element_type=\"widget\" data-widget_type=\"image.default\">\n\t\t\t\t<div class=\"elementor-widget-container\">\n\t\t\t\t\t\t\t\t\t\t\t\t\t\t\t<img loading=\"lazy\" decoding=\"async\" width=\"442\" height=\"50\" src=\"https:\/\/www.ibiz.com.br\/wp-content\/uploads\/2024\/03\/Group-2216-1.png\" class=\"attachment-full size-full wp-image-11403\" alt=\"\" srcset=\"https:\/\/www.ibiz.com.br\/wp-content\/uploads\/2024\/03\/Group-2216-1.png 442w, https:\/\/www.ibiz.com.br\/wp-content\/uploads\/2024\/03\/Group-2216-1-300x34.png 300w\" sizes=\"(max-width: 442px) 100vw, 442px\" \/>\t\t\t\t\t\t\t\t\t\t\t\t\t\t\t<\/div>\n\t\t\t\t<\/div>\n\t\t\t\t\t<\/div>\n\t\t\t\t<\/div>\n\t\t<div class=\"elementor-element elementor-element-2929297e elementor-hidden-tablet elementor-hidden-mobile e-flex e-con-boxed e-con e-child\" data-id=\"2929297e\" data-element_type=\"container\" data-settings=\"{&quot;_ha_eqh_enable&quot;:false}\">\n\t\t\t\t\t<div class=\"e-con-inner\">\n\t\t\t\t\t<\/div>\n\t\t\t\t<\/div>\n\t\t\t\t\t<\/div>\n\t\t\t\t<\/div>\n\t\t\t\t<\/div>\n\t\t<div class=\"elementor-element elementor-element-699cbfd e-flex e-con-boxed e-con e-parent\" data-id=\"699cbfd\" data-element_type=\"container\" data-settings=\"{&quot;_ha_eqh_enable&quot;:false}\">\n\t\t\t\t\t<div class=\"e-con-inner\">\n\t\t<div class=\"elementor-element elementor-element-8c1d8e6 e-con-full e-flex e-con e-child\" data-id=\"8c1d8e6\" data-element_type=\"container\" data-settings=\"{&quot;_ha_eqh_enable&quot;:false}\">\n\t\t\t\t<div class=\"elementor-element elementor-element-97d7f10 elementor-widget elementor-widget-image\" data-id=\"97d7f10\" data-element_type=\"widget\" data-widget_type=\"image.default\">\n\t\t\t\t<div class=\"elementor-widget-container\">\n\t\t\t\t\t\t\t\t\t\t\t\t\t\t\t<img loading=\"lazy\" decoding=\"async\" width=\"59\" height=\"34\" src=\"https:\/\/www.ibiz.com.br\/wp-content\/uploads\/2024\/02\/ae@4x.png\" class=\"attachment-large size-large wp-image-1241\" alt=\"\" \/>\t\t\t\t\t\t\t\t\t\t\t\t\t\t\t<\/div>\n\t\t\t\t<\/div>\n\t\t\t\t<div class=\"elementor-element elementor-element-3cce081 elementor-widget__width-initial elementor-widget elementor-widget-text-editor\" data-id=\"3cce081\" data-element_type=\"widget\" data-widget_type=\"text-editor.default\">\n\t\t\t\t<div class=\"elementor-widget-container\">\n\t\t\t\t\t\t\t\t\t<p><strong>Aviso de Empenho<\/strong><\/p><p>Indica los cambios de estado en los procesos de licitaci\u00f3n, rastreando los montos exentos por el Gobierno Federal, por CNPJ del beneficiario, informando el producto, la cantidad y la fecha de la exenci\u00f3n.<\/p>\t\t\t\t\t\t\t\t<\/div>\n\t\t\t\t<\/div>\n\t\t\t\t<\/div>\n\t\t<div class=\"elementor-element elementor-element-f77753e e-con-full e-flex e-con e-child\" data-id=\"f77753e\" data-element_type=\"container\" data-settings=\"{&quot;_ha_eqh_enable&quot;:false}\">\n\t\t\t\t<div class=\"elementor-element elementor-element-2979550 elementor-widget elementor-widget-image\" data-id=\"2979550\" data-element_type=\"widget\" data-widget_type=\"image.default\">\n\t\t\t\t<div class=\"elementor-widget-container\">\n\t\t\t\t\t\t\t\t\t\t\t\t\t\t\t<img loading=\"lazy\" decoding=\"async\" width=\"81\" height=\"34\" src=\"https:\/\/www.ibiz.com.br\/wp-content\/uploads\/2024\/02\/ado@4x.png\" class=\"attachment-large size-large wp-image-1244\" alt=\"\" \/>\t\t\t\t\t\t\t\t\t\t\t\t\t\t\t<\/div>\n\t\t\t\t<\/div>\n\t\t\t\t<div class=\"elementor-element elementor-element-c36ddc3 elementor-widget__width-initial elementor-widget elementor-widget-text-editor\" data-id=\"c36ddc3\" data-element_type=\"widget\" data-widget_type=\"text-editor.default\">\n\t\t\t\t<div class=\"elementor-widget-container\">\n\t\t\t\t\t\t\t\t\t<p><strong>Aviso del Diario Oficial<\/strong><\/p><p>Essenciz ofrece un recorte completo de los Boletines Oficiales (Federal\/DOU, Estado\/DOE y Municipal\/DOM), monitoreado en base a palabras clave y temas de inter\u00e9s seleccionados por su empresa.<\/p>\t\t\t\t\t\t\t\t<\/div>\n\t\t\t\t<\/div>\n\t\t\t\t<\/div>\n\t\t\t\t\t<\/div>\n\t\t\t\t<\/div>\n\t\t<div class=\"elementor-element elementor-element-e290251 ball-right-top e-flex e-con-boxed e-con e-parent\" data-id=\"e290251\" data-element_type=\"container\" data-settings=\"{&quot;_ha_eqh_enable&quot;:false}\">\n\t\t\t\t\t<div class=\"e-con-inner\">\n\t\t\t\t<div class=\"elementor-element elementor-element-00cd33d balls-diviser-red elementor-widget elementor-widget-image\" data-id=\"00cd33d\" data-element_type=\"widget\" data-widget_type=\"image.default\">\n\t\t\t\t<div class=\"elementor-widget-container\">\n\t\t\t\t\t\t\t\t\t\t\t\t\t\t\t<img loading=\"lazy\" decoding=\"async\" width=\"1120\" height=\"50\" src=\"https:\/\/www.ibiz.com.br\/wp-content\/uploads\/2024\/03\/Group-105.png\" class=\"attachment-full size-full wp-image-9713\" alt=\"\" srcset=\"https:\/\/www.ibiz.com.br\/wp-content\/uploads\/2024\/03\/Group-105.png 1120w, https:\/\/www.ibiz.com.br\/wp-content\/uploads\/2024\/03\/Group-105-300x13.png 300w, https:\/\/www.ibiz.com.br\/wp-content\/uploads\/2024\/03\/Group-105-1024x46.png 1024w, https:\/\/www.ibiz.com.br\/wp-content\/uploads\/2024\/03\/Group-105-768x34.png 768w\" sizes=\"(max-width: 1120px) 100vw, 1120px\" \/>\t\t\t\t\t\t\t\t\t\t\t\t\t\t\t<\/div>\n\t\t\t\t<\/div>\n\t\t\t\t<div class=\"elementor-element elementor-element-9e23a08 elementor-widget__width-initial font-gradient-roxo elementor-widget elementor-widget-heading\" data-id=\"9e23a08\" data-element_type=\"widget\" data-widget_type=\"heading.default\">\n\t\t\t\t<div class=\"elementor-widget-container\">\n\t\t\t\t\t<h2 class=\"elementor-heading-title elementor-size-default\">\u00bfQuieres saber c\u00f3mo estos datos pueden mejorar tus resultados?<\/h2>\t\t\t\t<\/div>\n\t\t\t\t<\/div>\n\t\t\t\t<div class=\"elementor-element elementor-element-280d50b elementor-align-center elementor-widget elementor-widget-button\" data-id=\"280d50b\" data-element_type=\"widget\" data-widget_type=\"button.default\">\n\t\t\t\t<div class=\"elementor-widget-container\">\n\t\t\t\t\t\t\t\t\t<div class=\"elementor-button-wrapper\">\n\t\t\t\t\t<a class=\"elementor-button elementor-button-link elementor-size-sm\" href=\"https:\/\/www.ibiz.com.br\/es\/contactenos\/\" id=\"btn-padrao\">\n\t\t\t\t\t\t<span class=\"elementor-button-content-wrapper\">\n\t\t\t\t\t\t<span class=\"elementor-button-icon\">\n\t\t\t\t<svg xmlns=\"http:\/\/www.w3.org\/2000\/svg\" width=\"66\" height=\"16\" viewBox=\"0 0 66 16\" fill=\"none\"><path d=\"M1 8H63\" stroke=\"white\" stroke-width=\"2\" stroke-linecap=\"round\" stroke-linejoin=\"round\"><\/path><path d=\"M58 1L65 8L58 15\" stroke=\"white\" stroke-width=\"2\" stroke-linecap=\"round\" stroke-linejoin=\"round\"><\/path><\/svg>\t\t\t<\/span>\n\t\t\t\t\t\t\t\t\t<span class=\"elementor-button-text\">Consulta con un experto en licitaciones<\/span>\n\t\t\t\t\t<\/span>\n\t\t\t\t\t<\/a>\n\t\t\t\t<\/div>\n\t\t\t\t\t\t\t\t<\/div>\n\t\t\t\t<\/div>\n\t\t\t\t\t<\/div>\n\t\t\t\t<\/div>\n\t\t<div class=\"elementor-element elementor-element-63cbcb2 e-con-full e-flex e-con e-parent\" data-id=\"63cbcb2\" data-element_type=\"container\" data-settings=\"{&quot;_ha_eqh_enable&quot;:false}\">\n\t\t\t\t<div class=\"elementor-element elementor-element-f875a03 elementor-widget elementor-widget-shortcode\" data-id=\"f875a03\" data-element_type=\"widget\" data-widget_type=\"shortcode.default\">\n\t\t\t\t<div class=\"elementor-widget-container\">\n\t\t\t\t\t\n            <div class=\"container-fluid container-fluid-news\">\n                <div class=\"container container-news\" id=\"newsletter\">\n                    <div class=\"row\">\n                        <div class=\"col-sm-12 col-lg-3\"><img decoding=\"async\" src=\"\/wp-content\/uploads\/2024\/02\/Pose-MAO-trim-1.png\" alt=\"Zibi\" loading=\"lazy\" \/><\/div>\n                        <div class=\"col-sm-12 col-lg-3 d-flex align-items-center\">\n                            <h2>Suscr\u00edbete a nuestro bolet\u00edn<\/h2>\n                            <h3>\u00a1y mantente al tanto de las novedades!<\/h3>\n                        <\/div>\n                        <div class=\"col-sm-12 col-lg-6 d-flex align-items-center\">\n                            <div role=\"main\" id=\"newsletter-espaco-essencial-es-bb1645806cb810375438\"><\/div>\n                            <script type=\"text\/javascript\" src=\"https:\/\/d335luupugsy2.cloudfront.net\/js\/rdstation-forms\/stable\/rdstation-forms.min.js\"><\/script>\n                            <script type=\"text\/javascript\">\n                                new RDStationForms('newsletter-espaco-essencial-es-bb1645806cb810375438', 'UA-7795644-1').createForm();\n                            <\/script>\n                        <\/div>\n                    <\/div>\n                <\/div>\n            <\/div>\n            <div class=\"container container-iniciativas-news\">\n                <div class=\"row\">\n                    <div class=\"col-sm-12 col-lg-3\"><\/div>\n                    <div class=\"col-sm-12 col-lg-6 d-flex align-items-center\">\n                        <p><a href=\"\/es\/universo\/#nossas-iniciativas\">\u00a1Haz clic aqu\u00ed<\/a> y descubre nuestras iniciativas!<\/p>\n                    <\/div>\n                    <div class=\"col-sm-12 col-lg-3\"><\/div>\n                <\/div>\n            <\/div>\n\n\n\n        \n\t\t<div class=\"elementor-shortcode\"><\/div>\n\t\t\t\t\t\t<\/div>\n\t\t\t\t<\/div>\n\t\t\t\t<\/div>\n\t\t\t\t<\/div>\n\t\t","protected":false},"excerpt":{"rendered":"<p>M\u00e1s Datos Adecuado para empresas que necesitan monitorear informaci\u00f3n espec\u00edfica, adem\u00e1s de oportunidades (AO) y resultados (AR). Aviso de Empenho Indica los cambios de estado en los procesos de licitaci\u00f3n, rastreando los montos exentos por el Gobierno Federal, por CNPJ del beneficiario, informando el producto, la cantidad y la fecha de la exenci\u00f3n. Aviso del [&hellip;]<\/p>\n","protected":false},"author":1,"featured_media":0,"parent":14872,"menu_order":0,"comment_status":"closed","ping_status":"closed","template":"","meta":{"_acf_changed":false,"footnotes":""},"class_list":["post-15739","page","type-page","status-publish","hentry"],"acf":[],"yoast_head":"<!-- This site is optimized with the Yoast SEO plugin v27.1.1 - https:\/\/yoast.com\/product\/yoast-seo-wordpress\/ -->\n<title>M\u00e1s Datos para la Gesti\u00f3n de Licitaciones P\u00fablicas | IBIZ<\/title>\n<meta name=\"description\" content=\"Mejore su proceso de licitaci\u00f3n con soluciones de datos integrales de IBIZ. Obtenga conocimientos m\u00e1s profundos y mejore la toma de decisiones con nuestras herramientas avanzadas de datos.\" \/>\n<meta name=\"robots\" content=\"index, follow, max-snippet:-1, max-image-preview:large, max-video-preview:-1\" \/>\n<link rel=\"canonical\" href=\"https:\/\/www.ibiz.com.br\/es\/plataforma-essenciz\/mas-datos\/\" \/>\n<meta property=\"og:locale\" content=\"es_ES\" \/>\n<meta property=\"og:type\" content=\"article\" \/>\n<meta property=\"og:title\" content=\"M\u00e1s Datos para la Gesti\u00f3n de Licitaciones P\u00fablicas | IBIZ\" \/>\n<meta property=\"og:description\" content=\"Mejore su proceso de licitaci\u00f3n con soluciones de datos integrales de IBIZ. Obtenga conocimientos m\u00e1s profundos y mejore la toma de decisiones con nuestras herramientas avanzadas de datos.\" \/>\n<meta property=\"og:url\" content=\"https:\/\/www.ibiz.com.br\/es\/plataforma-essenciz\/mas-datos\/\" \/>\n<meta property=\"og:site_name\" content=\"Ibiz Tecnologia\" \/>\n<meta property=\"article:modified_time\" content=\"2025-01-31T19:58:04+00:00\" \/>\n<meta property=\"og:image\" content=\"https:\/\/www.ibiz.com.br\/wp-content\/uploads\/2024\/03\/banner-como-funciona-2-1.jpg\" \/>\n<meta name=\"twitter:card\" content=\"summary_large_image\" \/>\n<meta name=\"twitter:label1\" content=\"Tiempo de lectura\" \/>\n\t<meta name=\"twitter:data1\" content=\"3 minutos\" \/>\n<script type=\"application\/ld+json\" class=\"yoast-schema-graph\">{\"@context\":\"https:\/\/schema.org\",\"@graph\":[{\"@type\":\"WebPage\",\"@id\":\"https:\/\/www.ibiz.com.br\/es\/plataforma-essenciz\/mas-datos\/\",\"url\":\"https:\/\/www.ibiz.com.br\/es\/plataforma-essenciz\/mas-datos\/\",\"name\":\"M\u00e1s Datos para la Gesti\u00f3n de Licitaciones P\u00fablicas | IBIZ\",\"isPartOf\":{\"@id\":\"https:\/\/www.ibiz.com.br\/es\/#website\"},\"primaryImageOfPage\":{\"@id\":\"https:\/\/www.ibiz.com.br\/es\/plataforma-essenciz\/mas-datos\/#primaryimage\"},\"image\":{\"@id\":\"https:\/\/www.ibiz.com.br\/es\/plataforma-essenciz\/mas-datos\/#primaryimage\"},\"thumbnailUrl\":\"https:\/\/www.ibiz.com.br\/wp-content\/uploads\/2024\/03\/banner-como-funciona-2-1.jpg\",\"datePublished\":\"2024-02-23T01:40:27+00:00\",\"dateModified\":\"2025-01-31T19:58:04+00:00\",\"description\":\"Mejore su proceso de licitaci\u00f3n con soluciones de datos integrales de IBIZ. Obtenga conocimientos m\u00e1s profundos y mejore la toma de decisiones con nuestras herramientas avanzadas de datos.\",\"breadcrumb\":{\"@id\":\"https:\/\/www.ibiz.com.br\/es\/plataforma-essenciz\/mas-datos\/#breadcrumb\"},\"inLanguage\":\"es\",\"potentialAction\":[{\"@type\":\"ReadAction\",\"target\":[\"https:\/\/www.ibiz.com.br\/es\/plataforma-essenciz\/mas-datos\/\"]}]},{\"@type\":\"ImageObject\",\"inLanguage\":\"es\",\"@id\":\"https:\/\/www.ibiz.com.br\/es\/plataforma-essenciz\/mas-datos\/#primaryimage\",\"url\":\"https:\/\/www.ibiz.com.br\/wp-content\/uploads\/2024\/03\/banner-como-funciona-2-1.jpg\",\"contentUrl\":\"https:\/\/www.ibiz.com.br\/wp-content\/uploads\/2024\/03\/banner-como-funciona-2-1.jpg\"},{\"@type\":\"BreadcrumbList\",\"@id\":\"https:\/\/www.ibiz.com.br\/es\/plataforma-essenciz\/mas-datos\/#breadcrumb\",\"itemListElement\":[{\"@type\":\"ListItem\",\"position\":1,\"name\":\"In\u00edcio\",\"item\":\"https:\/\/www.ibiz.com.br\/es\/\"},{\"@type\":\"ListItem\",\"position\":2,\"name\":\"Plataforma Essenciz\",\"item\":\"https:\/\/www.ibiz.com.br\/es\/plataforma-essenciz\/\"},{\"@type\":\"ListItem\",\"position\":3,\"name\":\"M\u00e1s datos\"}]},{\"@type\":\"WebSite\",\"@id\":\"https:\/\/www.ibiz.com.br\/es\/#website\",\"url\":\"https:\/\/www.ibiz.com.br\/es\/\",\"name\":\"Ibiz Tecnologia\",\"description\":\"\",\"potentialAction\":[{\"@type\":\"SearchAction\",\"target\":{\"@type\":\"EntryPoint\",\"urlTemplate\":\"https:\/\/www.ibiz.com.br\/es\/?s={search_term_string}\"},\"query-input\":{\"@type\":\"PropertyValueSpecification\",\"valueRequired\":true,\"valueName\":\"search_term_string\"}}],\"inLanguage\":\"es\"}]}<\/script>\n<!-- \/ Yoast SEO plugin. -->","yoast_head_json":{"title":"M\u00e1s Datos para la Gesti\u00f3n de Licitaciones P\u00fablicas | IBIZ","description":"Mejore su proceso de licitaci\u00f3n con soluciones de datos integrales de IBIZ. Obtenga conocimientos m\u00e1s profundos y mejore la toma de decisiones con nuestras herramientas avanzadas de datos.","robots":{"index":"index","follow":"follow","max-snippet":"max-snippet:-1","max-image-preview":"max-image-preview:large","max-video-preview":"max-video-preview:-1"},"canonical":"https:\/\/www.ibiz.com.br\/es\/plataforma-essenciz\/mas-datos\/","og_locale":"es_ES","og_type":"article","og_title":"M\u00e1s Datos para la Gesti\u00f3n de Licitaciones P\u00fablicas | IBIZ","og_description":"Mejore su proceso de licitaci\u00f3n con soluciones de datos integrales de IBIZ. Obtenga conocimientos m\u00e1s profundos y mejore la toma de decisiones con nuestras herramientas avanzadas de datos.","og_url":"https:\/\/www.ibiz.com.br\/es\/plataforma-essenciz\/mas-datos\/","og_site_name":"Ibiz Tecnologia","article_modified_time":"2025-01-31T19:58:04+00:00","og_image":[{"url":"https:\/\/www.ibiz.com.br\/wp-content\/uploads\/2024\/03\/banner-como-funciona-2-1.jpg","type":"","width":"","height":""}],"twitter_card":"summary_large_image","twitter_misc":{"Tiempo de lectura":"3 minutos"},"schema":{"@context":"https:\/\/schema.org","@graph":[{"@type":"WebPage","@id":"https:\/\/www.ibiz.com.br\/es\/plataforma-essenciz\/mas-datos\/","url":"https:\/\/www.ibiz.com.br\/es\/plataforma-essenciz\/mas-datos\/","name":"M\u00e1s Datos para la Gesti\u00f3n de Licitaciones P\u00fablicas | IBIZ","isPartOf":{"@id":"https:\/\/www.ibiz.com.br\/es\/#website"},"primaryImageOfPage":{"@id":"https:\/\/www.ibiz.com.br\/es\/plataforma-essenciz\/mas-datos\/#primaryimage"},"image":{"@id":"https:\/\/www.ibiz.com.br\/es\/plataforma-essenciz\/mas-datos\/#primaryimage"},"thumbnailUrl":"https:\/\/www.ibiz.com.br\/wp-content\/uploads\/2024\/03\/banner-como-funciona-2-1.jpg","datePublished":"2024-02-23T01:40:27+00:00","dateModified":"2025-01-31T19:58:04+00:00","description":"Mejore su proceso de licitaci\u00f3n con soluciones de datos integrales de IBIZ. Obtenga conocimientos m\u00e1s profundos y mejore la toma de decisiones con nuestras herramientas avanzadas de datos.","breadcrumb":{"@id":"https:\/\/www.ibiz.com.br\/es\/plataforma-essenciz\/mas-datos\/#breadcrumb"},"inLanguage":"es","potentialAction":[{"@type":"ReadAction","target":["https:\/\/www.ibiz.com.br\/es\/plataforma-essenciz\/mas-datos\/"]}]},{"@type":"ImageObject","inLanguage":"es","@id":"https:\/\/www.ibiz.com.br\/es\/plataforma-essenciz\/mas-datos\/#primaryimage","url":"https:\/\/www.ibiz.com.br\/wp-content\/uploads\/2024\/03\/banner-como-funciona-2-1.jpg","contentUrl":"https:\/\/www.ibiz.com.br\/wp-content\/uploads\/2024\/03\/banner-como-funciona-2-1.jpg"},{"@type":"BreadcrumbList","@id":"https:\/\/www.ibiz.com.br\/es\/plataforma-essenciz\/mas-datos\/#breadcrumb","itemListElement":[{"@type":"ListItem","position":1,"name":"In\u00edcio","item":"https:\/\/www.ibiz.com.br\/es\/"},{"@type":"ListItem","position":2,"name":"Plataforma Essenciz","item":"https:\/\/www.ibiz.com.br\/es\/plataforma-essenciz\/"},{"@type":"ListItem","position":3,"name":"M\u00e1s datos"}]},{"@type":"WebSite","@id":"https:\/\/www.ibiz.com.br\/es\/#website","url":"https:\/\/www.ibiz.com.br\/es\/","name":"Ibiz Tecnologia","description":"","potentialAction":[{"@type":"SearchAction","target":{"@type":"EntryPoint","urlTemplate":"https:\/\/www.ibiz.com.br\/es\/?s={search_term_string}"},"query-input":{"@type":"PropertyValueSpecification","valueRequired":true,"valueName":"search_term_string"}}],"inLanguage":"es"}]}},"_links":{"self":[{"href":"https:\/\/www.ibiz.com.br\/es\/wp-json\/wp\/v2\/pages\/15739","targetHints":{"allow":["GET"]}}],"collection":[{"href":"https:\/\/www.ibiz.com.br\/es\/wp-json\/wp\/v2\/pages"}],"about":[{"href":"https:\/\/www.ibiz.com.br\/es\/wp-json\/wp\/v2\/types\/page"}],"author":[{"embeddable":true,"href":"https:\/\/www.ibiz.com.br\/es\/wp-json\/wp\/v2\/users\/1"}],"replies":[{"embeddable":true,"href":"https:\/\/www.ibiz.com.br\/es\/wp-json\/wp\/v2\/comments?post=15739"}],"version-history":[{"count":12,"href":"https:\/\/www.ibiz.com.br\/es\/wp-json\/wp\/v2\/pages\/15739\/revisions"}],"predecessor-version":[{"id":16364,"href":"https:\/\/www.ibiz.com.br\/es\/wp-json\/wp\/v2\/pages\/15739\/revisions\/16364"}],"up":[{"embeddable":true,"href":"https:\/\/www.ibiz.com.br\/es\/wp-json\/wp\/v2\/pages\/14872"}],"wp:attachment":[{"href":"https:\/\/www.ibiz.com.br\/es\/wp-json\/wp\/v2\/media?parent=15739"}],"curies":[{"name":"wp","href":"https:\/\/api.w.org\/{rel}","templated":true}]}}