{"id":14910,"date":"2024-02-20T17:23:42","date_gmt":"2024-02-20T20:23:42","guid":{"rendered":"https:\/\/www.ibiz.com.br\/contactenos\/"},"modified":"2025-11-18T14:23:27","modified_gmt":"2025-11-18T17:23:27","slug":"contactenos-2","status":"publish","type":"page","link":"https:\/\/www.ibiz.com.br\/es\/contactenos-2\/","title":{"rendered":"Cont\u00e1ctenos &#8211; P\u00f3ngase en Contacto con IBIZ"},"content":{"rendered":"\t\t<div data-elementor-type=\"wp-page\" data-elementor-id=\"14910\" class=\"elementor elementor-14910 elementor-495\" data-elementor-settings=\"{&quot;ha_cmc_init_switcher&quot;:&quot;no&quot;}\">\n\t\t\t\t<div class=\"elementor-element elementor-element-55fd592 e-con-full e-flex e-con e-parent\" data-id=\"55fd592\" data-element_type=\"container\" data-settings=\"{&quot;_ha_eqh_enable&quot;:false}\">\n\t\t\t\t<div class=\"elementor-element elementor-element-519e6bb elementor-widget elementor-widget-shortcode\" data-id=\"519e6bb\" data-element_type=\"widget\" data-widget_type=\"shortcode.default\">\n\t\t\t\t<div class=\"elementor-widget-container\">\n\t\t\t\t\t    <div class=\"breadcrumb\">\n        <ul>\n            <li><a href=\"https:\/\/www.ibiz.com.br\/es\/\">Home<\/a><\/li>\n                        <li>Cont\u00e1ctenos &#8211; P\u00f3ngase en Contacto con IBIZ<\/li>\n        <\/ul>\n    <\/div>\n\n\n\t\t<div class=\"elementor-shortcode\"><\/div>\n\t\t\t\t\t\t<\/div>\n\t\t\t\t<\/div>\n\t\t\t\t<\/div>\n\t\t<div class=\"elementor-element elementor-element-76fc6cf e-flex e-con-boxed e-con e-parent\" data-id=\"76fc6cf\" data-element_type=\"container\" data-settings=\"{&quot;background_background&quot;:&quot;classic&quot;,&quot;_ha_eqh_enable&quot;:false}\">\n\t\t\t\t\t<div class=\"e-con-inner\">\n\t\t\t\t<div class=\"elementor-element elementor-element-fb8bf9a elementor-widget elementor-widget-image\" data-id=\"fb8bf9a\" data-element_type=\"widget\" data-widget_type=\"image.default\">\n\t\t\t\t<div class=\"elementor-widget-container\">\n\t\t\t\t\t\t\t\t\t\t\t\t\t\t\t<img decoding=\"async\" width=\"1\" height=\"1\" src=\"https:\/\/www.ibiz.com.br\/wp-content\/uploads\/2024\/02\/bolinhas-titulo-2.svg\" class=\"attachment-large size-large wp-image-464\" alt=\"\" loading=\"lazy\" \/>\t\t\t\t\t\t\t\t\t\t\t\t\t\t\t<\/div>\n\t\t\t\t<\/div>\n\t\t\t\t<div class=\"elementor-element elementor-element-be19b72 color-gradiente-azul elementor-widget elementor-widget-heading\" data-id=\"be19b72\" data-element_type=\"widget\" data-widget_type=\"heading.default\">\n\t\t\t\t<div class=\"elementor-widget-container\">\n\t\t\t\t\t<h1 class=\"elementor-heading-title elementor-size-default\">Cont\u00e1ctenos<\/h1>\t\t\t\t<\/div>\n\t\t\t\t<\/div>\n\t\t\t\t\t<\/div>\n\t\t\t\t<\/div>\n\t\t<div class=\"elementor-element elementor-element-3db1f30 container-fale-conosco e-flex e-con-boxed e-con e-parent\" data-id=\"3db1f30\" data-element_type=\"container\" data-settings=\"{&quot;_ha_eqh_enable&quot;:false}\">\n\t\t\t\t\t<div class=\"e-con-inner\">\n\t\t\t\t<div class=\"elementor-element elementor-element-46df549 elementor-widget__width-initial color-gradiente-azul elementor-widget elementor-widget-heading\" data-id=\"46df549\" data-element_type=\"widget\" data-widget_type=\"heading.default\">\n\t\t\t\t<div class=\"elementor-widget-container\">\n\t\t\t\t\t<h2 class=\"elementor-heading-title elementor-size-default\">Env\u00eda tu mensaje y nos pondremos en contacto contigo lo antes posible<\/h2>\t\t\t\t<\/div>\n\t\t\t\t<\/div>\n\t\t\t\t<div class=\"elementor-element elementor-element-2e81b4d form-rd elementor-widget elementor-widget-html\" data-id=\"2e81b4d\" data-element_type=\"widget\" data-widget_type=\"html.default\">\n\t\t\t\t<div class=\"elementor-widget-container\">\n\t\t\t\t\t<div role=\"main\" id=\"form_fale-conosco-site-b312da6769a813614f04\"><\/div><script type=\"text\/javascript\" src=\"https:\/\/d335luupugsy2.cloudfront.net\/js\/rdstation-forms\/stable\/rdstation-forms.min.js\"><\/script><script type=\"text\/javascript\"> new RDStationForms('form_fale-conosco-site-b312da6769a813614f04', 'UA-7795644-1').createForm();<\/script>\t\t\t\t<\/div>\n\t\t\t\t<\/div>\n\t\t\t\t<div class=\"elementor-element elementor-element-7053212 balls-diviser-red elementor-widget elementor-widget-image\" data-id=\"7053212\" data-element_type=\"widget\" data-widget_type=\"image.default\">\n\t\t\t\t<div class=\"elementor-widget-container\">\n\t\t\t\t\t\t\t\t\t\t\t\t\t\t\t<img decoding=\"async\" width=\"1024\" height=\"46\" src=\"https:\/\/www.ibiz.com.br\/wp-content\/uploads\/2024\/03\/Group-105-1024x46.png\" class=\"attachment-large size-large wp-image-9713\" alt=\"\" srcset=\"https:\/\/www.ibiz.com.br\/wp-content\/uploads\/2024\/03\/Group-105-1024x46.png 1024w, https:\/\/www.ibiz.com.br\/wp-content\/uploads\/2024\/03\/Group-105-300x13.png 300w, https:\/\/www.ibiz.com.br\/wp-content\/uploads\/2024\/03\/Group-105-768x34.png 768w, https:\/\/www.ibiz.com.br\/wp-content\/uploads\/2024\/03\/Group-105.png 1120w\" sizes=\"(max-width: 1024px) 100vw, 1024px\" loading=\"lazy\" \/>\t\t\t\t\t\t\t\t\t\t\t\t\t\t\t<\/div>\n\t\t\t\t<\/div>\n\t\t<div class=\"elementor-element elementor-element-ed54391 e-flex e-con-boxed e-con e-child\" data-id=\"ed54391\" data-element_type=\"container\" data-settings=\"{&quot;_ha_eqh_enable&quot;:false}\">\n\t\t\t\t\t<div class=\"e-con-inner\">\n\t\t<div class=\"elementor-element elementor-element-cfb1a2a e-flex e-con-boxed e-con e-child\" data-id=\"cfb1a2a\" data-element_type=\"container\" data-settings=\"{&quot;_ha_eqh_enable&quot;:false}\">\n\t\t\t\t\t<div class=\"e-con-inner\">\n\t\t\t\t<div class=\"elementor-element elementor-element-9df7260 color-gradiente-azul elementor-widget elementor-widget-heading\" data-id=\"9df7260\" data-element_type=\"widget\" data-widget_type=\"heading.default\">\n\t\t\t\t<div class=\"elementor-widget-container\">\n\t\t\t\t\t<h2 class=\"elementor-heading-title elementor-size-default\">Otras formas de contacto<\/h2>\t\t\t\t<\/div>\n\t\t\t\t<\/div>\n\t\t\t\t<div class=\"elementor-element elementor-element-41bcc87 elementor-widget elementor-widget-text-editor\" data-id=\"41bcc87\" data-element_type=\"widget\" data-widget_type=\"text-editor.default\">\n\t\t\t\t<div class=\"elementor-widget-container\">\n\t\t\t\t\t\t\t\t\t<p>Llamar:<\/p>\n<p>+55 (11) <strong>5904-7140<\/strong><br \/>+55 (11) <strong>5579-3178<\/strong><\/p>\n\t\t\t\t\t\t\t\t<\/div>\n\t\t\t\t<\/div>\n\t\t\t\t<div class=\"elementor-element elementor-element-1a1645c elementor-widget elementor-widget-button\" data-id=\"1a1645c\" data-element_type=\"widget\" data-widget_type=\"button.default\">\n\t\t\t\t<div class=\"elementor-widget-container\">\n\t\t\t\t\t\t\t\t\t<div class=\"elementor-button-wrapper\">\n\t\t\t\t\t<a class=\"elementor-button elementor-button-link elementor-size-sm\" href=\"https:\/\/api.whatsapp.com\/send?phone=5511916781297\" id=\"btn-whatsapp\">\n\t\t\t\t\t\t<span class=\"elementor-button-content-wrapper\">\n\t\t\t\t\t\t<span class=\"elementor-button-icon\">\n\t\t\t\t<svg xmlns=\"http:\/\/www.w3.org\/2000\/svg\" width=\"24\" height=\"24\" viewBox=\"0 0 24 24\" fill=\"none\"><path fill-rule=\"evenodd\" clip-rule=\"evenodd\" d=\"M14.865 13.403C14.4108 13.5886 14.1207 14.2997 13.8263 14.663C13.6754 14.8491 13.4954 14.8781 13.2633 14.7848C11.5585 14.1056 10.2516 12.968 9.31086 11.3991C9.15148 11.1558 9.18008 10.9636 9.37226 10.7377C9.65632 10.403 10.0135 10.0228 10.0904 9.57187C10.261 8.57438 8.95695 5.48016 7.23477 6.88219C2.27918 10.9205 15.5016 21.6309 17.888 15.8381C18.563 14.1961 15.6179 13.0945 14.865 13.403ZM12.0001 21.9037C10.2474 21.9037 8.52289 21.4378 7.01306 20.5556C6.77071 20.4136 6.47775 20.3761 6.20681 20.4497L2.92605 21.3502L4.06885 18.8325C4.22448 18.4898 4.18463 18.0909 3.96479 17.7863C2.7423 16.0917 2.0959 14.0911 2.0959 12C2.0959 6.53859 6.53869 2.09578 12.0001 2.09578C17.4614 2.09578 21.9038 6.53859 21.9038 12C21.9038 17.4609 17.461 21.9037 12.0001 21.9037ZM12.0001 0C5.38322 0 0.000125452 5.38312 0.000125452 12C0.000125452 14.3278 0.661059 16.5633 1.91683 18.5034L0.093875 22.5183C-0.0744054 22.8891 -0.0129995 23.3231 0.250437 23.632C0.452936 23.8687 0.745903 24 1.04824 24C1.72418 24 5.40994 22.8417 6.3479 22.5844C8.0818 23.512 10.0266 24 12.0001 24C18.6164 24 24 18.6164 24 12C24 5.38312 18.6164 0 12.0001 0Z\" fill=\"white\"><\/path><\/svg>\t\t\t<\/span>\n\t\t\t\t\t\t\t\t\t<span class=\"elementor-button-text\">Chatear en WhatsApp &gt;<\/span>\n\t\t\t\t\t<\/span>\n\t\t\t\t\t<\/a>\n\t\t\t\t<\/div>\n\t\t\t\t\t\t\t\t<\/div>\n\t\t\t\t<\/div>\n\t\t\t\t\t<\/div>\n\t\t\t\t<\/div>\n\t\t<div class=\"elementor-element elementor-element-bd8ef68 e-flex e-con-boxed e-con e-child\" data-id=\"bd8ef68\" data-element_type=\"container\" data-settings=\"{&quot;_ha_eqh_enable&quot;:false}\">\n\t\t\t\t\t<div class=\"e-con-inner\">\n\t\t\t\t<div class=\"elementor-element elementor-element-b02f661 elementor-widget elementor-widget-google_maps\" data-id=\"b02f661\" data-element_type=\"widget\" data-widget_type=\"google_maps.default\">\n\t\t\t\t<div class=\"elementor-widget-container\">\n\t\t\t\t\t\t\t<div class=\"elementor-custom-embed\">\n\t\t\t<iframe loading=\"lazy\"\n\t\t\t\t\tsrc=\"https:\/\/maps.google.com\/maps?q=Ibiz%20Tecnologia&#038;t=m&#038;z=12&#038;output=embed&#038;iwloc=near\"\n\t\t\t\t\ttitle=\"Ibiz Tecnologia\"\n\t\t\t\t\taria-label=\"Ibiz Tecnologia\"\n\t\t\t><\/iframe>\n\t\t<\/div>\n\t\t\t\t\t\t<\/div>\n\t\t\t\t<\/div>\n\t\t\t\t\t<\/div>\n\t\t\t\t<\/div>\n\t\t\t\t\t<\/div>\n\t\t\t\t<\/div>\n\t\t\t\t\t<\/div>\n\t\t\t\t<\/div>\n\t\t<div class=\"elementor-element elementor-element-e383f85 e-con-full e-flex e-con e-parent\" data-id=\"e383f85\" data-element_type=\"container\" data-settings=\"{&quot;_ha_eqh_enable&quot;:false}\">\n\t\t\t\t<div class=\"elementor-element elementor-element-94b4176 elementor-widget elementor-widget-shortcode\" data-id=\"94b4176\" data-element_type=\"widget\" data-widget_type=\"shortcode.default\">\n\t\t\t\t<div class=\"elementor-widget-container\">\n\t\t\t\t\t\n            <div class=\"container-fluid container-fluid-news\">\n                <div class=\"container container-news\" id=\"newsletter\">\n                    <div class=\"row\">\n                        <div class=\"col-sm-12 col-lg-3\"><img decoding=\"async\" src=\"\/wp-content\/uploads\/2024\/02\/Pose-MAO-trim-1.png\" alt=\"Zibi\" loading=\"lazy\" \/><\/div>\n                        <div class=\"col-sm-12 col-lg-3 d-flex align-items-center\">\n                            <h2>Suscr\u00edbete a nuestro bolet\u00edn<\/h2>\n                            <h3>\u00a1y mantente al tanto de las novedades!<\/h3>\n                        <\/div>\n                        <div class=\"col-sm-12 col-lg-6 d-flex align-items-center\">\n                            <div role=\"main\" id=\"newsletter-espaco-essencial-es-bb1645806cb810375438\"><\/div>\n                            <script type=\"text\/javascript\" src=\"https:\/\/d335luupugsy2.cloudfront.net\/js\/rdstation-forms\/stable\/rdstation-forms.min.js\"><\/script>\n                            <script type=\"text\/javascript\">\n                                new RDStationForms('newsletter-espaco-essencial-es-bb1645806cb810375438', 'UA-7795644-1').createForm();\n                            <\/script>\n                        <\/div>\n                    <\/div>\n                <\/div>\n            <\/div>\n            <div class=\"container container-iniciativas-news\">\n                <div class=\"row\">\n                    <div class=\"col-sm-12 col-lg-3\"><\/div>\n                    <div class=\"col-sm-12 col-lg-6 d-flex align-items-center\">\n                        <p><a href=\"\/es\/universo\/#nossas-iniciativas\">\u00a1Haz clic aqu\u00ed<\/a> y descubre nuestras iniciativas!<\/p>\n                    <\/div>\n                    <div class=\"col-sm-12 col-lg-3\"><\/div>\n                <\/div>\n            <\/div>\n\n\n\n        \n\t\t<div class=\"elementor-shortcode\"><\/div>\n\t\t\t\t\t\t<\/div>\n\t\t\t\t<\/div>\n\t\t\t\t<\/div>\n\t\t\t\t<\/div>\n\t\t","protected":false},"excerpt":{"rendered":"<p>Cont\u00e1ctenos Env\u00eda tu mensaje y nos pondremos en contacto contigo lo antes posible Otras formas de contacto Llamar: +55 (11) 5904-7140+55 (11) 5579-3178 Chatear en WhatsApp &gt;<\/p>\n","protected":false},"author":1,"featured_media":0,"parent":0,"menu_order":0,"comment_status":"closed","ping_status":"closed","template":"","meta":{"_acf_changed":false,"footnotes":""},"class_list":["post-14910","page","type-page","status-publish","hentry"],"acf":[],"yoast_head":"<!-- This site is optimized with the Yoast SEO plugin v27.1.1 - https:\/\/yoast.com\/product\/yoast-seo-wordpress\/ -->\n<title>Cont\u00e1ctenos - P\u00f3ngase en Contacto con IBIZ<\/title>\n<meta name=\"description\" content=\"P\u00f3ngase en contacto con IBIZ para obtener apoyo experto en gesti\u00f3n de licitaciones, tecnolog\u00eda e inteligencia de datos. Nuestro equipo est\u00e1 listo para ayudarle con cualquier consulta.\" \/>\n<meta name=\"robots\" content=\"index, follow, max-snippet:-1, max-image-preview:large, max-video-preview:-1\" \/>\n<link rel=\"canonical\" href=\"https:\/\/www.ibiz.com.br\/es\/contactenos-2\/\" \/>\n<meta property=\"og:locale\" content=\"es_ES\" \/>\n<meta property=\"og:type\" content=\"article\" \/>\n<meta property=\"og:title\" content=\"Cont\u00e1ctenos - P\u00f3ngase en Contacto con IBIZ\" \/>\n<meta property=\"og:description\" content=\"P\u00f3ngase en contacto con IBIZ para obtener apoyo experto en gesti\u00f3n de licitaciones, tecnolog\u00eda e inteligencia de datos. Nuestro equipo est\u00e1 listo para ayudarle con cualquier consulta.\" \/>\n<meta property=\"og:url\" content=\"https:\/\/www.ibiz.com.br\/es\/contactenos-2\/\" \/>\n<meta property=\"og:site_name\" content=\"Ibiz Tecnologia\" \/>\n<meta property=\"article:modified_time\" content=\"2025-11-18T17:23:27+00:00\" \/>\n<meta property=\"og:image\" content=\"https:\/\/www.ibiz.com.br\/wp-content\/uploads\/2024\/02\/bolinhas-titulo-2.svg\" \/>\n<meta name=\"twitter:card\" content=\"summary_large_image\" \/>\n<meta name=\"twitter:label1\" content=\"Tiempo de lectura\" \/>\n\t<meta name=\"twitter:data1\" content=\"1 minuto\" \/>\n<script type=\"application\/ld+json\" class=\"yoast-schema-graph\">{\"@context\":\"https:\/\/schema.org\",\"@graph\":[{\"@type\":\"WebPage\",\"@id\":\"https:\/\/www.ibiz.com.br\/es\/contactenos-2\/\",\"url\":\"https:\/\/www.ibiz.com.br\/es\/contactenos-2\/\",\"name\":\"Cont\u00e1ctenos - P\u00f3ngase en Contacto con IBIZ\",\"isPartOf\":{\"@id\":\"https:\/\/www.ibiz.com.br\/es\/#website\"},\"primaryImageOfPage\":{\"@id\":\"https:\/\/www.ibiz.com.br\/es\/contactenos-2\/#primaryimage\"},\"image\":{\"@id\":\"https:\/\/www.ibiz.com.br\/es\/contactenos-2\/#primaryimage\"},\"thumbnailUrl\":\"https:\/\/www.ibiz.com.br\/wp-content\/uploads\/2024\/02\/bolinhas-titulo-2.svg\",\"datePublished\":\"2024-02-20T20:23:42+00:00\",\"dateModified\":\"2025-11-18T17:23:27+00:00\",\"description\":\"P\u00f3ngase en contacto con IBIZ para obtener apoyo experto en gesti\u00f3n de licitaciones, tecnolog\u00eda e inteligencia de datos. Nuestro equipo est\u00e1 listo para ayudarle con cualquier consulta.\",\"breadcrumb\":{\"@id\":\"https:\/\/www.ibiz.com.br\/es\/contactenos-2\/#breadcrumb\"},\"inLanguage\":\"es\",\"potentialAction\":[{\"@type\":\"ReadAction\",\"target\":[\"https:\/\/www.ibiz.com.br\/es\/contactenos-2\/\"]}]},{\"@type\":\"ImageObject\",\"inLanguage\":\"es\",\"@id\":\"https:\/\/www.ibiz.com.br\/es\/contactenos-2\/#primaryimage\",\"url\":\"https:\/\/www.ibiz.com.br\/wp-content\/uploads\/2024\/02\/bolinhas-titulo-2.svg\",\"contentUrl\":\"https:\/\/www.ibiz.com.br\/wp-content\/uploads\/2024\/02\/bolinhas-titulo-2.svg\"},{\"@type\":\"BreadcrumbList\",\"@id\":\"https:\/\/www.ibiz.com.br\/es\/contactenos-2\/#breadcrumb\",\"itemListElement\":[{\"@type\":\"ListItem\",\"position\":1,\"name\":\"In\u00edcio\",\"item\":\"https:\/\/www.ibiz.com.br\/es\/\"},{\"@type\":\"ListItem\",\"position\":2,\"name\":\"Cont\u00e1ctenos &#8211; P\u00f3ngase en Contacto con IBIZ\"}]},{\"@type\":\"WebSite\",\"@id\":\"https:\/\/www.ibiz.com.br\/es\/#website\",\"url\":\"https:\/\/www.ibiz.com.br\/es\/\",\"name\":\"Ibiz Tecnologia\",\"description\":\"\",\"potentialAction\":[{\"@type\":\"SearchAction\",\"target\":{\"@type\":\"EntryPoint\",\"urlTemplate\":\"https:\/\/www.ibiz.com.br\/es\/?s={search_term_string}\"},\"query-input\":{\"@type\":\"PropertyValueSpecification\",\"valueRequired\":true,\"valueName\":\"search_term_string\"}}],\"inLanguage\":\"es\"}]}<\/script>\n<!-- \/ Yoast SEO plugin. -->","yoast_head_json":{"title":"Cont\u00e1ctenos - P\u00f3ngase en Contacto con IBIZ","description":"P\u00f3ngase en contacto con IBIZ para obtener apoyo experto en gesti\u00f3n de licitaciones, tecnolog\u00eda e inteligencia de datos. Nuestro equipo est\u00e1 listo para ayudarle con cualquier consulta.","robots":{"index":"index","follow":"follow","max-snippet":"max-snippet:-1","max-image-preview":"max-image-preview:large","max-video-preview":"max-video-preview:-1"},"canonical":"https:\/\/www.ibiz.com.br\/es\/contactenos-2\/","og_locale":"es_ES","og_type":"article","og_title":"Cont\u00e1ctenos - P\u00f3ngase en Contacto con IBIZ","og_description":"P\u00f3ngase en contacto con IBIZ para obtener apoyo experto en gesti\u00f3n de licitaciones, tecnolog\u00eda e inteligencia de datos. Nuestro equipo est\u00e1 listo para ayudarle con cualquier consulta.","og_url":"https:\/\/www.ibiz.com.br\/es\/contactenos-2\/","og_site_name":"Ibiz Tecnologia","article_modified_time":"2025-11-18T17:23:27+00:00","og_image":[{"url":"https:\/\/www.ibiz.com.br\/wp-content\/uploads\/2024\/02\/bolinhas-titulo-2.svg","type":"","width":"","height":""}],"twitter_card":"summary_large_image","twitter_misc":{"Tiempo de lectura":"1 minuto"},"schema":{"@context":"https:\/\/schema.org","@graph":[{"@type":"WebPage","@id":"https:\/\/www.ibiz.com.br\/es\/contactenos-2\/","url":"https:\/\/www.ibiz.com.br\/es\/contactenos-2\/","name":"Cont\u00e1ctenos - P\u00f3ngase en Contacto con IBIZ","isPartOf":{"@id":"https:\/\/www.ibiz.com.br\/es\/#website"},"primaryImageOfPage":{"@id":"https:\/\/www.ibiz.com.br\/es\/contactenos-2\/#primaryimage"},"image":{"@id":"https:\/\/www.ibiz.com.br\/es\/contactenos-2\/#primaryimage"},"thumbnailUrl":"https:\/\/www.ibiz.com.br\/wp-content\/uploads\/2024\/02\/bolinhas-titulo-2.svg","datePublished":"2024-02-20T20:23:42+00:00","dateModified":"2025-11-18T17:23:27+00:00","description":"P\u00f3ngase en contacto con IBIZ para obtener apoyo experto en gesti\u00f3n de licitaciones, tecnolog\u00eda e inteligencia de datos. Nuestro equipo est\u00e1 listo para ayudarle con cualquier consulta.","breadcrumb":{"@id":"https:\/\/www.ibiz.com.br\/es\/contactenos-2\/#breadcrumb"},"inLanguage":"es","potentialAction":[{"@type":"ReadAction","target":["https:\/\/www.ibiz.com.br\/es\/contactenos-2\/"]}]},{"@type":"ImageObject","inLanguage":"es","@id":"https:\/\/www.ibiz.com.br\/es\/contactenos-2\/#primaryimage","url":"https:\/\/www.ibiz.com.br\/wp-content\/uploads\/2024\/02\/bolinhas-titulo-2.svg","contentUrl":"https:\/\/www.ibiz.com.br\/wp-content\/uploads\/2024\/02\/bolinhas-titulo-2.svg"},{"@type":"BreadcrumbList","@id":"https:\/\/www.ibiz.com.br\/es\/contactenos-2\/#breadcrumb","itemListElement":[{"@type":"ListItem","position":1,"name":"In\u00edcio","item":"https:\/\/www.ibiz.com.br\/es\/"},{"@type":"ListItem","position":2,"name":"Cont\u00e1ctenos &#8211; P\u00f3ngase en Contacto con IBIZ"}]},{"@type":"WebSite","@id":"https:\/\/www.ibiz.com.br\/es\/#website","url":"https:\/\/www.ibiz.com.br\/es\/","name":"Ibiz Tecnologia","description":"","potentialAction":[{"@type":"SearchAction","target":{"@type":"EntryPoint","urlTemplate":"https:\/\/www.ibiz.com.br\/es\/?s={search_term_string}"},"query-input":{"@type":"PropertyValueSpecification","valueRequired":true,"valueName":"search_term_string"}}],"inLanguage":"es"}]}},"_links":{"self":[{"href":"https:\/\/www.ibiz.com.br\/es\/wp-json\/wp\/v2\/pages\/14910","targetHints":{"allow":["GET"]}}],"collection":[{"href":"https:\/\/www.ibiz.com.br\/es\/wp-json\/wp\/v2\/pages"}],"about":[{"href":"https:\/\/www.ibiz.com.br\/es\/wp-json\/wp\/v2\/types\/page"}],"author":[{"embeddable":true,"href":"https:\/\/www.ibiz.com.br\/es\/wp-json\/wp\/v2\/users\/1"}],"replies":[{"embeddable":true,"href":"https:\/\/www.ibiz.com.br\/es\/wp-json\/wp\/v2\/comments?post=14910"}],"version-history":[{"count":19,"href":"https:\/\/www.ibiz.com.br\/es\/wp-json\/wp\/v2\/pages\/14910\/revisions"}],"predecessor-version":[{"id":17341,"href":"https:\/\/www.ibiz.com.br\/es\/wp-json\/wp\/v2\/pages\/14910\/revisions\/17341"}],"wp:attachment":[{"href":"https:\/\/www.ibiz.com.br\/es\/wp-json\/wp\/v2\/media?parent=14910"}],"curies":[{"name":"wp","href":"https:\/\/api.w.org\/{rel}","templated":true}]}}