{"id":14872,"date":"2024-02-21T15:02:03","date_gmt":"2024-02-21T18:02:03","guid":{"rendered":"https:\/\/www.ibiz.com.br\/?page_id=14872"},"modified":"2024-11-25T12:11:15","modified_gmt":"2024-11-25T15:11:15","slug":"plataforma-essenciz","status":"publish","type":"page","link":"https:\/\/www.ibiz.com.br\/es\/plataforma-essenciz\/","title":{"rendered":"Plataforma Essenciz"},"content":{"rendered":"","protected":false},"excerpt":{"rendered":"","protected":false},"author":1,"featured_media":0,"parent":0,"menu_order":0,"comment_status":"closed","ping_status":"closed","template":"","meta":{"_acf_changed":false,"footnotes":""},"class_list":["post-14872","page","type-page","status-publish","hentry"],"acf":[],"yoast_head":"<!-- This site is optimized with the Yoast SEO plugin v27.1.1 - https:\/\/yoast.com\/product\/yoast-seo-wordpress\/ -->\n<title>Plataforma Essenciz<\/title>\n<meta name=\"description\" content=\"Plataforma Essenciz Ibiz: operaci\u00f3n para la Gesti\u00f3n Estrat\u00e9gica de Licitaciones P\u00fablicas y Privadas\" \/>\n<meta name=\"robots\" content=\"noindex, nofollow\" \/>\n<meta property=\"og:locale\" content=\"es_ES\" \/>\n<meta property=\"og:type\" content=\"article\" \/>\n<meta property=\"og:title\" content=\"Plataforma Essenciz\" \/>\n<meta property=\"og:description\" content=\"Plataforma Essenciz Ibiz: operaci\u00f3n para la Gesti\u00f3n Estrat\u00e9gica de Licitaciones P\u00fablicas y Privadas\" \/>\n<meta property=\"og:url\" content=\"https:\/\/www.ibiz.com.br\/es\/plataforma-essenciz\/\" \/>\n<meta property=\"og:site_name\" content=\"Ibiz Tecnologia\" \/>\n<meta property=\"article:modified_time\" content=\"2024-11-25T15:11:15+00:00\" \/>\n<meta name=\"twitter:card\" content=\"summary_large_image\" \/>\n<script type=\"application\/ld+json\" class=\"yoast-schema-graph\">{\"@context\":\"https:\/\/schema.org\",\"@graph\":[{\"@type\":\"WebPage\",\"@id\":\"https:\/\/www.ibiz.com.br\/es\/plataforma-essenciz\/\",\"url\":\"https:\/\/www.ibiz.com.br\/es\/plataforma-essenciz\/\",\"name\":\"Plataforma Essenciz\",\"isPartOf\":{\"@id\":\"https:\/\/www.ibiz.com.br\/es\/#website\"},\"datePublished\":\"2024-02-21T18:02:03+00:00\",\"dateModified\":\"2024-11-25T15:11:15+00:00\",\"description\":\"Plataforma Essenciz Ibiz: operaci\u00f3n para la Gesti\u00f3n Estrat\u00e9gica de Licitaciones P\u00fablicas y Privadas\",\"breadcrumb\":{\"@id\":\"https:\/\/www.ibiz.com.br\/es\/plataforma-essenciz\/#breadcrumb\"},\"inLanguage\":\"es\",\"potentialAction\":[{\"@type\":\"ReadAction\",\"target\":[\"https:\/\/www.ibiz.com.br\/es\/plataforma-essenciz\/\"]}]},{\"@type\":\"BreadcrumbList\",\"@id\":\"https:\/\/www.ibiz.com.br\/es\/plataforma-essenciz\/#breadcrumb\",\"itemListElement\":[{\"@type\":\"ListItem\",\"position\":1,\"name\":\"In\u00edcio\",\"item\":\"https:\/\/www.ibiz.com.br\/es\/\"},{\"@type\":\"ListItem\",\"position\":2,\"name\":\"Plataforma Essenciz\"}]},{\"@type\":\"WebSite\",\"@id\":\"https:\/\/www.ibiz.com.br\/es\/#website\",\"url\":\"https:\/\/www.ibiz.com.br\/es\/\",\"name\":\"Ibiz Tecnologia\",\"description\":\"\",\"potentialAction\":[{\"@type\":\"SearchAction\",\"target\":{\"@type\":\"EntryPoint\",\"urlTemplate\":\"https:\/\/www.ibiz.com.br\/es\/?s={search_term_string}\"},\"query-input\":{\"@type\":\"PropertyValueSpecification\",\"valueRequired\":true,\"valueName\":\"search_term_string\"}}],\"inLanguage\":\"es\"}]}<\/script>\n<!-- \/ Yoast SEO plugin. -->","yoast_head_json":{"title":"Plataforma Essenciz","description":"Plataforma Essenciz Ibiz: operaci\u00f3n para la Gesti\u00f3n Estrat\u00e9gica de Licitaciones P\u00fablicas y Privadas","robots":{"index":"noindex","follow":"nofollow"},"og_locale":"es_ES","og_type":"article","og_title":"Plataforma Essenciz","og_description":"Plataforma Essenciz Ibiz: operaci\u00f3n para la Gesti\u00f3n Estrat\u00e9gica de Licitaciones P\u00fablicas y Privadas","og_url":"https:\/\/www.ibiz.com.br\/es\/plataforma-essenciz\/","og_site_name":"Ibiz Tecnologia","article_modified_time":"2024-11-25T15:11:15+00:00","twitter_card":"summary_large_image","schema":{"@context":"https:\/\/schema.org","@graph":[{"@type":"WebPage","@id":"https:\/\/www.ibiz.com.br\/es\/plataforma-essenciz\/","url":"https:\/\/www.ibiz.com.br\/es\/plataforma-essenciz\/","name":"Plataforma Essenciz","isPartOf":{"@id":"https:\/\/www.ibiz.com.br\/es\/#website"},"datePublished":"2024-02-21T18:02:03+00:00","dateModified":"2024-11-25T15:11:15+00:00","description":"Plataforma Essenciz Ibiz: operaci\u00f3n para la Gesti\u00f3n Estrat\u00e9gica de Licitaciones P\u00fablicas y Privadas","breadcrumb":{"@id":"https:\/\/www.ibiz.com.br\/es\/plataforma-essenciz\/#breadcrumb"},"inLanguage":"es","potentialAction":[{"@type":"ReadAction","target":["https:\/\/www.ibiz.com.br\/es\/plataforma-essenciz\/"]}]},{"@type":"BreadcrumbList","@id":"https:\/\/www.ibiz.com.br\/es\/plataforma-essenciz\/#breadcrumb","itemListElement":[{"@type":"ListItem","position":1,"name":"In\u00edcio","item":"https:\/\/www.ibiz.com.br\/es\/"},{"@type":"ListItem","position":2,"name":"Plataforma Essenciz"}]},{"@type":"WebSite","@id":"https:\/\/www.ibiz.com.br\/es\/#website","url":"https:\/\/www.ibiz.com.br\/es\/","name":"Ibiz Tecnologia","description":"","potentialAction":[{"@type":"SearchAction","target":{"@type":"EntryPoint","urlTemplate":"https:\/\/www.ibiz.com.br\/es\/?s={search_term_string}"},"query-input":{"@type":"PropertyValueSpecification","valueRequired":true,"valueName":"search_term_string"}}],"inLanguage":"es"}]}},"_links":{"self":[{"href":"https:\/\/www.ibiz.com.br\/es\/wp-json\/wp\/v2\/pages\/14872","targetHints":{"allow":["GET"]}}],"collection":[{"href":"https:\/\/www.ibiz.com.br\/es\/wp-json\/wp\/v2\/pages"}],"about":[{"href":"https:\/\/www.ibiz.com.br\/es\/wp-json\/wp\/v2\/types\/page"}],"author":[{"embeddable":true,"href":"https:\/\/www.ibiz.com.br\/es\/wp-json\/wp\/v2\/users\/1"}],"replies":[{"embeddable":true,"href":"https:\/\/www.ibiz.com.br\/es\/wp-json\/wp\/v2\/comments?post=14872"}],"version-history":[{"count":1,"href":"https:\/\/www.ibiz.com.br\/es\/wp-json\/wp\/v2\/pages\/14872\/revisions"}],"predecessor-version":[{"id":14873,"href":"https:\/\/www.ibiz.com.br\/es\/wp-json\/wp\/v2\/pages\/14872\/revisions\/14873"}],"wp:attachment":[{"href":"https:\/\/www.ibiz.com.br\/es\/wp-json\/wp\/v2\/media?parent=14872"}],"curies":[{"name":"wp","href":"https:\/\/api.w.org\/{rel}","templated":true}]}}